{"id":26,"date":"2026-04-08T02:49:00","date_gmt":"2026-04-08T02:49:00","guid":{"rendered":"https:\/\/phongthuy.tpsoftvn.com\/?post_type=product&#038;p=26"},"modified":"2026-04-08T02:49:45","modified_gmt":"2026-04-08T02:49:45","slug":"bo-mon-kinh-dich","status":"publish","type":"product","link":"https:\/\/phongthuy.tpsoftvn.com\/?product=bo-mon-kinh-dich","title":{"rendered":"B\u1ed8 M\u00d4N KINH D\u1ecaCH"},"content":{"rendered":"<div id=\"SECTION2\" class=\"ladi-section\">\n<div class=\"ladi-section-background\"><\/div>\n<div class=\"ladi-container\">\n<div id=\"HEADLINE4\" class=\"ladi-element\">\n<h3 class=\"ladi-headline ladi-transition\">C\u00f3 ph\u1ea3i b\u1ea1n \u0111ang g\u1eb7p c\u00e1c v\u1ea5n \u0111\u1ec1:<\/h3>\n<\/div>\n<div id=\"LIST_PARAGRAPH6\" class=\"ladi-element\">\n<div class=\"ladi-list-paragraph ladi-transition\">\n<ul>\n<li><span style=\"font-weight: bold;\">B\u1ea1n \u0111ang m\u1ea5t ph\u01b0\u01a1ng h\u01b0\u1edbng trong \u0111\u1ea7u t\u01b0, kinh doanh?<\/span><\/li>\n<li><span style=\"font-weight: bold;\">C\u1ea3m th\u1ea5y kh\u00f3 ra quy\u1ebft \u0111\u1ecbnh khi \u0111\u1ee9ng tr\u01b0\u1edbc c\u00e1c c\u01a1 h\u1ed9i t\u00e0i ch\u00ednh?<\/span><\/li>\n<li><span style=\"font-weight: bold;\">Kh\u00f4ng r\u00f5 c\u01a1 h\u1ed9i, \u0111\u1ed1i t\u00e1c, d\u1ef1 \u00e1n, &#8230; khi kinh doanh c\u00f3 t\u1ed1t v\u1edbi m\u00ecnh?<\/span><\/li>\n<li><span style=\"font-weight: bold;\">C\u1ea7n m\u1ed9t ph\u01b0\u01a1ng ph\u00e1p d\u1ef1 \u0111o\u00e1n khoa h\u1ecdc, logic, \u0111\u00e3 \u0111\u01b0\u1ee3c ki\u1ec3m ch\u1ee9ng?<\/span><\/li>\n<li><span style=\"font-weight: bold;\">C\u1ea7n th\u00eam c\u00e1c d\u1eef ki\u1ec7n \u0111\u1ec3 tham kh\u1ea3o tr\u01b0\u1edbc khi \u0111\u1ea7u t\u01b0, kinh doanh, bu\u00f4n b\u00e1n?<\/span><\/li>\n<\/ul>\n<\/div>\n<\/div>\n<div id=\"GROUP110\" class=\"ladi-element\" data-action=\"true\">\n<div class=\"ladi-group\">\n<p>&nbsp;<\/p>\n<div class=\"ladi-shape\"><\/div>\n<p>&nbsp;<\/p>\n<div class=\"ladi-shape\"><\/div>\n<p>&nbsp;<\/p>\n<div id=\"SHAPE112\" class=\"ladi-element ladi-animation\">\n<div class=\"ladi-shape\"><\/div>\n<\/div>\n<\/div>\n<\/div>\n<\/div>\n<\/div>\n","protected":false},"excerpt":{"rendered":"<p>C\u00f3 ph\u1ea3i b\u1ea1n \u0111ang g\u1eb7p c\u00e1c v\u1ea5n \u0111\u1ec1: B\u1ea1n \u0111ang m\u1ea5t ph\u01b0\u01a1ng h\u01b0\u1edbng trong \u0111\u1ea7u t\u01b0, kinh doanh? C\u1ea3m th\u1ea5y kh\u00f3 ra quy\u1ebft \u0111\u1ecbnh khi \u0111\u1ee9ng tr\u01b0\u1edbc c\u00e1c c\u01a1 h\u1ed9i t\u00e0i ch\u00ednh? Kh\u00f4ng r\u00f5 c\u01a1 h\u1ed9i, \u0111\u1ed1i t\u00e1c, d\u1ef1 \u00e1n, &#8230; khi kinh doanh c\u00f3 t\u1ed1t v\u1edbi m\u00ecnh? C\u1ea7n m\u1ed9t ph\u01b0\u01a1ng ph\u00e1p d\u1ef1 \u0111o\u00e1n khoa [&hellip;]<\/p>\n","protected":false},"featured_media":27,"comment_status":"open","ping_status":"closed","template":"","meta":[],"product_brand":[],"product_cat":[17],"product_tag":[],"class_list":{"0":"post-26","1":"product","2":"type-product","3":"status-publish","4":"has-post-thumbnail","6":"product_cat-khoa-hoc-sap-khai-giang","8":"first","9":"instock","10":"shipping-taxable","11":"purchasable","12":"product-type-tpsoft_course"},"_links":{"self":[{"href":"https:\/\/phongthuy.tpsoftvn.com\/index.php?rest_route=\/wp\/v2\/product\/26","targetHints":{"allow":["GET"]}}],"collection":[{"href":"https:\/\/phongthuy.tpsoftvn.com\/index.php?rest_route=\/wp\/v2\/product"}],"about":[{"href":"https:\/\/phongthuy.tpsoftvn.com\/index.php?rest_route=\/wp\/v2\/types\/product"}],"replies":[{"embeddable":true,"href":"https:\/\/phongthuy.tpsoftvn.com\/index.php?rest_route=%2Fwp%2Fv2%2Fcomments&post=26"}],"wp:featuredmedia":[{"embeddable":true,"href":"https:\/\/phongthuy.tpsoftvn.com\/index.php?rest_route=\/wp\/v2\/media\/27"}],"wp:attachment":[{"href":"https:\/\/phongthuy.tpsoftvn.com\/index.php?rest_route=%2Fwp%2Fv2%2Fmedia&parent=26"}],"wp:term":[{"taxonomy":"product_brand","embeddable":true,"href":"https:\/\/phongthuy.tpsoftvn.com\/index.php?rest_route=%2Fwp%2Fv2%2Fproduct_brand&post=26"},{"taxonomy":"product_cat","embeddable":true,"href":"https:\/\/phongthuy.tpsoftvn.com\/index.php?rest_route=%2Fwp%2Fv2%2Fproduct_cat&post=26"},{"taxonomy":"product_tag","embeddable":true,"href":"https:\/\/phongthuy.tpsoftvn.com\/index.php?rest_route=%2Fwp%2Fv2%2Fproduct_tag&post=26"}],"curies":[{"name":"wp","href":"https:\/\/api.w.org\/{rel}","templated":true}]}}